{"id":52,"date":"2022-01-18T06:48:01","date_gmt":"2022-01-18T06:48:01","guid":{"rendered":"https:\/\/bulgariawakacje.net\/vi\/?page_id=52"},"modified":"2022-01-19T17:02:25","modified_gmt":"2022-01-19T17:02:25","slug":"about-grecjawczasy-com","status":"publish","type":"page","link":"https:\/\/bulgariawakacje.net\/vi\/about-grecjawczasy-com\/","title":{"rendered":"Gi\u1edbi thi\u1ec7u v\u1ec1 trang web bulgariawakacje.net"},"content":{"rendered":"<div style=\"text-align:center\"><img loading=\"lazy\" decoding=\"async\" width=\"196\" height=\"86\" src=\"https:\/\/i2.wp.com\/bulgariawakacje.net\/vi\/wp-content\/uploads\/sites\/35\/2022\/01\/logo.jpg?resize=196,86&amp;ssl=1\" class=\"attachment-post-thumbnail size-post-thumbnail wp-post-image\" alt=\"About bulgariawakacje.net\/vi\" title=\"About bulgariawakacje.net\/vi\" \/><\/div>\n<div class=\"wp-block-image\"><figure class=\"aligncenter size-full\"><figcaption><em><a href=\"https:\/\/bulgariawakacje.net\/vi\">bulgariawakacje.net\/vi<\/a><\/em><\/figcaption><\/figure><\/div>\n\n\n\n<p>Gi\u1edbi thi\u1ec7u v\u1ec1 trang web bulgariawakacje.net<\/p>\n\n\n\n<p>Ch\u00fang t\u00f4i l\u00e0 m\u1ed9t c\u00f4ng ty ti\u1ebfp th\u1ecb chuy\u00ean v\u1ec1 s\u00e1ng t\u1ea1o n\u1ed9i dung.<\/p>\n\n\n\n<p>N\u1ebfu b\u1ea1n mu\u1ed1n li\u00ean h\u1ec7 v\u1edbi ch\u00fang t\u00f4i, vui l\u00f2ng g\u1eedi email cho ch\u00fang t\u00f4i theo \u0111\u1ecba ch\u1ec9:<\/p>\n\n\n\n<p><a href=\"mailto:info@bulgariawakacje.net\" target=\"_blank\" rel=\"noreferrer noopener\">info@bulgariawakacje.net<\/a><\/p>\n<!-- AddThis Advanced Settings generic via filter on the_content --><!-- AddThis Share Buttons generic via filter on the_content -->","protected":false},"excerpt":{"rendered":"<p>Gi\u1edbi thi\u1ec7u v\u1ec1 trang web bulgariawakacje.net Ch\u00fang t\u00f4i l\u00e0 m\u1ed9t c\u00f4ng ty ti\u1ebfp th\u1ecb chuy\u00ean v\u1ec1 s\u00e1ng t\u1ea1o n\u1ed9i dung. N\u1ebfu b\u1ea1n mu\u1ed1n li\u00ean h\u1ec7 v\u1edbi ch\u00fang t\u00f4i, vui l\u00f2ng g\u1eedi email cho ch\u00fang t\u00f4i theo \u0111\u1ecba ch\u1ec9: info@bulgariawakacje.net<!-- AddThis Advanced Settings generic via filter on get_the_excerpt --><!-- AddThis Share Buttons generic via filter on get_the_excerpt --><\/p>\n","protected":false},"author":1,"featured_media":63,"parent":0,"menu_order":0,"comment_status":"closed","ping_status":"closed","template":"","meta":{"_et_pb_use_builder":"off","_et_pb_old_content":"","_et_gb_content_width":"","footnotes":""},"class_list":["post-52","page","type-page","status-publish","has-post-thumbnail","hentry"],"yoast_head":"<!-- This site is optimized with the Yoast SEO plugin v27.3 - https:\/\/yoast.com\/product\/yoast-seo-wordpress\/ -->\n<title>Gi\u1edbi thi\u1ec7u v\u1ec1 trang web bulgariawakacje.net<\/title>\n<meta name=\"robots\" content=\"index, follow, max-snippet:-1, max-image-preview:large, max-video-preview:-1\" \/>\n<link rel=\"canonical\" href=\"https:\/\/bulgariawakacje.net\/vi\/about-grecjawczasy-com\/\" \/>\n<meta property=\"og:locale\" content=\"en_GB\" \/>\n<meta property=\"og:type\" content=\"article\" \/>\n<meta property=\"og:title\" content=\"Gi\u1edbi thi\u1ec7u v\u1ec1 trang web bulgariawakacje.net\" \/>\n<meta property=\"og:description\" content=\"Gi\u1edbi thi\u1ec7u v\u1ec1 trang web bulgariawakacje.net Ch\u00fang t\u00f4i l\u00e0 m\u1ed9t c\u00f4ng ty ti\u1ebfp th\u1ecb chuy\u00ean v\u1ec1 s\u00e1ng t\u1ea1o n\u1ed9i dung. N\u1ebfu b\u1ea1n mu\u1ed1n li\u00ean h\u1ec7 v\u1edbi ch\u00fang t\u00f4i, vui l\u00f2ng g\u1eedi email cho ch\u00fang t\u00f4i theo \u0111\u1ecba ch\u1ec9: info@bulgariawakacje.net\" \/>\n<meta property=\"og:url\" content=\"https:\/\/bulgariawakacje.net\/vi\/about-grecjawczasy-com\/\" \/>\n<meta property=\"og:site_name\" content=\"VI K\u1ef3 ngh\u1ec9 \u1edf Bulgaria\" \/>\n<meta property=\"article:modified_time\" content=\"2022-01-19T17:02:25+00:00\" \/>\n<meta property=\"og:image\" content=\"https:\/\/bulgariawakacje.net\/vi\/wp-content\/uploads\/sites\/35\/2022\/01\/logo.jpg\" \/><meta property=\"og:image\" content=\"https:\/\/bulgariawakacje.net\/vi\/wp-content\/uploads\/sites\/35\/2022\/01\/logo.jpg\" \/>\n\t<meta property=\"og:image:width\" content=\"196\" \/>\n\t<meta property=\"og:image:height\" content=\"86\" \/>\n\t<meta property=\"og:image:type\" content=\"image\/jpeg\" \/>\n<meta name=\"twitter:card\" content=\"summary_large_image\" \/>\n<meta name=\"twitter:image\" content=\"https:\/\/bulgariawakacje.net\/vi\/wp-content\/uploads\/sites\/35\/2022\/01\/logo.jpg\" \/>\n<meta name=\"twitter:label1\" content=\"Estimated reading time\" \/>\n\t<meta name=\"twitter:data1\" content=\"1 minute\" \/>\n<script type=\"application\/ld+json\" class=\"yoast-schema-graph\">{\"@context\":\"https:\\\/\\\/schema.org\",\"@graph\":[{\"@type\":\"WebPage\",\"@id\":\"https:\\\/\\\/bulgariawakacje.net\\\/vi\\\/about-grecjawczasy-com\\\/\",\"url\":\"https:\\\/\\\/bulgariawakacje.net\\\/vi\\\/about-grecjawczasy-com\\\/\",\"name\":\"Gi\u1edbi thi\u1ec7u v\u1ec1 trang web bulgariawakacje.net\",\"isPartOf\":{\"@id\":\"https:\\\/\\\/bulgariawakacje.net\\\/vi\\\/#website\"},\"primaryImageOfPage\":{\"@id\":\"https:\\\/\\\/bulgariawakacje.net\\\/vi\\\/about-grecjawczasy-com\\\/#primaryimage\"},\"image\":{\"@id\":\"https:\\\/\\\/bulgariawakacje.net\\\/vi\\\/about-grecjawczasy-com\\\/#primaryimage\"},\"thumbnailUrl\":\"https:\\\/\\\/i0.wp.com\\\/bulgariawakacje.net\\\/vi\\\/wp-content\\\/uploads\\\/sites\\\/35\\\/2022\\\/01\\\/logo.jpg?fit=196%2C86&ssl=1\",\"datePublished\":\"2022-01-18T06:48:01+00:00\",\"dateModified\":\"2022-01-19T17:02:25+00:00\",\"breadcrumb\":{\"@id\":\"https:\\\/\\\/bulgariawakacje.net\\\/vi\\\/about-grecjawczasy-com\\\/#breadcrumb\"},\"inLanguage\":\"en-GB\",\"potentialAction\":[{\"@type\":\"ReadAction\",\"target\":[\"https:\\\/\\\/bulgariawakacje.net\\\/vi\\\/about-grecjawczasy-com\\\/\"]}]},{\"@type\":\"ImageObject\",\"inLanguage\":\"en-GB\",\"@id\":\"https:\\\/\\\/bulgariawakacje.net\\\/vi\\\/about-grecjawczasy-com\\\/#primaryimage\",\"url\":\"https:\\\/\\\/i0.wp.com\\\/bulgariawakacje.net\\\/vi\\\/wp-content\\\/uploads\\\/sites\\\/35\\\/2022\\\/01\\\/logo.jpg?fit=196%2C86&ssl=1\",\"contentUrl\":\"https:\\\/\\\/i0.wp.com\\\/bulgariawakacje.net\\\/vi\\\/wp-content\\\/uploads\\\/sites\\\/35\\\/2022\\\/01\\\/logo.jpg?fit=196%2C86&ssl=1\",\"width\":\"196\",\"height\":\"86\",\"caption\":\"About bulgariawakacje.net\\\/vi\"},{\"@type\":\"BreadcrumbList\",\"@id\":\"https:\\\/\\\/bulgariawakacje.net\\\/vi\\\/about-grecjawczasy-com\\\/#breadcrumb\",\"itemListElement\":[{\"@type\":\"ListItem\",\"position\":1,\"name\":\"Home\",\"item\":\"https:\\\/\\\/bulgariawakacje.net\\\/vi\\\/\"},{\"@type\":\"ListItem\",\"position\":2,\"name\":\"Gi\u1edbi thi\u1ec7u v\u1ec1 trang web bulgariawakacje.net\"}]},{\"@type\":\"WebSite\",\"@id\":\"https:\\\/\\\/bulgariawakacje.net\\\/vi\\\/#website\",\"url\":\"https:\\\/\\\/bulgariawakacje.net\\\/vi\\\/\",\"name\":\"VI K\u1ef3 ngh\u1ec9 \u1edf Bulgaria\",\"description\":\"K\u1ef3 ngh\u1ec9 \u1edf Bulgaria - b\u00e0i b\u00e1o, th\u1ee7 thu\u1eadt, th\u1eddi ti\u1ebft v\u00e0 tham quan\",\"publisher\":{\"@id\":\"https:\\\/\\\/bulgariawakacje.net\\\/vi\\\/#organization\"},\"potentialAction\":[{\"@type\":\"SearchAction\",\"target\":{\"@type\":\"EntryPoint\",\"urlTemplate\":\"https:\\\/\\\/bulgariawakacje.net\\\/vi\\\/?s={search_term_string}\"},\"query-input\":{\"@type\":\"PropertyValueSpecification\",\"valueRequired\":true,\"valueName\":\"search_term_string\"}}],\"inLanguage\":\"en-GB\"},{\"@type\":\"Organization\",\"@id\":\"https:\\\/\\\/bulgariawakacje.net\\\/vi\\\/#organization\",\"name\":\"VI K\u1ef3 ngh\u1ec9 \u1edf Bulgaria\",\"url\":\"https:\\\/\\\/bulgariawakacje.net\\\/vi\\\/\",\"logo\":{\"@type\":\"ImageObject\",\"inLanguage\":\"en-GB\",\"@id\":\"https:\\\/\\\/bulgariawakacje.net\\\/vi\\\/#\\\/schema\\\/logo\\\/image\\\/\",\"url\":\"https:\\\/\\\/i0.wp.com\\\/bulgariawakacje.net\\\/vi\\\/wp-content\\\/uploads\\\/sites\\\/35\\\/2022\\\/01\\\/logo.png?fit=196%2C86&ssl=1\",\"contentUrl\":\"https:\\\/\\\/i0.wp.com\\\/bulgariawakacje.net\\\/vi\\\/wp-content\\\/uploads\\\/sites\\\/35\\\/2022\\\/01\\\/logo.png?fit=196%2C86&ssl=1\",\"width\":196,\"height\":86,\"caption\":\"VI K\u1ef3 ngh\u1ec9 \u1edf Bulgaria\"},\"image\":{\"@id\":\"https:\\\/\\\/bulgariawakacje.net\\\/vi\\\/#\\\/schema\\\/logo\\\/image\\\/\"}}]}<\/script>\n<!-- \/ Yoast SEO plugin. -->","yoast_head_json":{"title":"Gi\u1edbi thi\u1ec7u v\u1ec1 trang web bulgariawakacje.net","robots":{"index":"index","follow":"follow","max-snippet":"max-snippet:-1","max-image-preview":"max-image-preview:large","max-video-preview":"max-video-preview:-1"},"canonical":"https:\/\/bulgariawakacje.net\/vi\/about-grecjawczasy-com\/","og_locale":"en_GB","og_type":"article","og_title":"Gi\u1edbi thi\u1ec7u v\u1ec1 trang web bulgariawakacje.net","og_description":"Gi\u1edbi thi\u1ec7u v\u1ec1 trang web bulgariawakacje.net Ch\u00fang t\u00f4i l\u00e0 m\u1ed9t c\u00f4ng ty ti\u1ebfp th\u1ecb chuy\u00ean v\u1ec1 s\u00e1ng t\u1ea1o n\u1ed9i dung. N\u1ebfu b\u1ea1n mu\u1ed1n li\u00ean h\u1ec7 v\u1edbi ch\u00fang t\u00f4i, vui l\u00f2ng g\u1eedi email cho ch\u00fang t\u00f4i theo \u0111\u1ecba ch\u1ec9: info@bulgariawakacje.net","og_url":"https:\/\/bulgariawakacje.net\/vi\/about-grecjawczasy-com\/","og_site_name":"VI K\u1ef3 ngh\u1ec9 \u1edf Bulgaria","article_modified_time":"2022-01-19T17:02:25+00:00","og_image":[{"url":"https:\/\/bulgariawakacje.net\/vi\/wp-content\/uploads\/sites\/35\/2022\/01\/logo.jpg","type":"","width":"","height":""},{"width":196,"height":86,"url":"https:\/\/bulgariawakacje.net\/vi\/wp-content\/uploads\/sites\/35\/2022\/01\/logo.jpg","type":"image\/jpeg"}],"twitter_card":"summary_large_image","twitter_image":"https:\/\/bulgariawakacje.net\/vi\/wp-content\/uploads\/sites\/35\/2022\/01\/logo.jpg","twitter_misc":{"Estimated reading time":"1 minute"},"schema":{"@context":"https:\/\/schema.org","@graph":[{"@type":"WebPage","@id":"https:\/\/bulgariawakacje.net\/vi\/about-grecjawczasy-com\/","url":"https:\/\/bulgariawakacje.net\/vi\/about-grecjawczasy-com\/","name":"Gi\u1edbi thi\u1ec7u v\u1ec1 trang web bulgariawakacje.net","isPartOf":{"@id":"https:\/\/bulgariawakacje.net\/vi\/#website"},"primaryImageOfPage":{"@id":"https:\/\/bulgariawakacje.net\/vi\/about-grecjawczasy-com\/#primaryimage"},"image":{"@id":"https:\/\/bulgariawakacje.net\/vi\/about-grecjawczasy-com\/#primaryimage"},"thumbnailUrl":"https:\/\/i0.wp.com\/bulgariawakacje.net\/vi\/wp-content\/uploads\/sites\/35\/2022\/01\/logo.jpg?fit=196%2C86&ssl=1","datePublished":"2022-01-18T06:48:01+00:00","dateModified":"2022-01-19T17:02:25+00:00","breadcrumb":{"@id":"https:\/\/bulgariawakacje.net\/vi\/about-grecjawczasy-com\/#breadcrumb"},"inLanguage":"en-GB","potentialAction":[{"@type":"ReadAction","target":["https:\/\/bulgariawakacje.net\/vi\/about-grecjawczasy-com\/"]}]},{"@type":"ImageObject","inLanguage":"en-GB","@id":"https:\/\/bulgariawakacje.net\/vi\/about-grecjawczasy-com\/#primaryimage","url":"https:\/\/i0.wp.com\/bulgariawakacje.net\/vi\/wp-content\/uploads\/sites\/35\/2022\/01\/logo.jpg?fit=196%2C86&ssl=1","contentUrl":"https:\/\/i0.wp.com\/bulgariawakacje.net\/vi\/wp-content\/uploads\/sites\/35\/2022\/01\/logo.jpg?fit=196%2C86&ssl=1","width":"196","height":"86","caption":"About bulgariawakacje.net\/vi"},{"@type":"BreadcrumbList","@id":"https:\/\/bulgariawakacje.net\/vi\/about-grecjawczasy-com\/#breadcrumb","itemListElement":[{"@type":"ListItem","position":1,"name":"Home","item":"https:\/\/bulgariawakacje.net\/vi\/"},{"@type":"ListItem","position":2,"name":"Gi\u1edbi thi\u1ec7u v\u1ec1 trang web bulgariawakacje.net"}]},{"@type":"WebSite","@id":"https:\/\/bulgariawakacje.net\/vi\/#website","url":"https:\/\/bulgariawakacje.net\/vi\/","name":"VI K\u1ef3 ngh\u1ec9 \u1edf Bulgaria","description":"K\u1ef3 ngh\u1ec9 \u1edf Bulgaria - b\u00e0i b\u00e1o, th\u1ee7 thu\u1eadt, th\u1eddi ti\u1ebft v\u00e0 tham quan","publisher":{"@id":"https:\/\/bulgariawakacje.net\/vi\/#organization"},"potentialAction":[{"@type":"SearchAction","target":{"@type":"EntryPoint","urlTemplate":"https:\/\/bulgariawakacje.net\/vi\/?s={search_term_string}"},"query-input":{"@type":"PropertyValueSpecification","valueRequired":true,"valueName":"search_term_string"}}],"inLanguage":"en-GB"},{"@type":"Organization","@id":"https:\/\/bulgariawakacje.net\/vi\/#organization","name":"VI K\u1ef3 ngh\u1ec9 \u1edf Bulgaria","url":"https:\/\/bulgariawakacje.net\/vi\/","logo":{"@type":"ImageObject","inLanguage":"en-GB","@id":"https:\/\/bulgariawakacje.net\/vi\/#\/schema\/logo\/image\/","url":"https:\/\/i0.wp.com\/bulgariawakacje.net\/vi\/wp-content\/uploads\/sites\/35\/2022\/01\/logo.png?fit=196%2C86&ssl=1","contentUrl":"https:\/\/i0.wp.com\/bulgariawakacje.net\/vi\/wp-content\/uploads\/sites\/35\/2022\/01\/logo.png?fit=196%2C86&ssl=1","width":196,"height":86,"caption":"VI K\u1ef3 ngh\u1ec9 \u1edf Bulgaria"},"image":{"@id":"https:\/\/bulgariawakacje.net\/vi\/#\/schema\/logo\/image\/"}}]}},"jetpack-related-posts":[],"_links":{"self":[{"href":"https:\/\/bulgariawakacje.net\/vi\/wp-json\/wp\/v2\/pages\/52","targetHints":{"allow":["GET"]}}],"collection":[{"href":"https:\/\/bulgariawakacje.net\/vi\/wp-json\/wp\/v2\/pages"}],"about":[{"href":"https:\/\/bulgariawakacje.net\/vi\/wp-json\/wp\/v2\/types\/page"}],"author":[{"embeddable":true,"href":"https:\/\/bulgariawakacje.net\/vi\/wp-json\/wp\/v2\/users\/1"}],"replies":[{"embeddable":true,"href":"https:\/\/bulgariawakacje.net\/vi\/wp-json\/wp\/v2\/comments?post=52"}],"version-history":[{"count":5,"href":"https:\/\/bulgariawakacje.net\/vi\/wp-json\/wp\/v2\/pages\/52\/revisions"}],"predecessor-version":[{"id":68,"href":"https:\/\/bulgariawakacje.net\/vi\/wp-json\/wp\/v2\/pages\/52\/revisions\/68"}],"wp:featuredmedia":[{"embeddable":true,"href":"https:\/\/bulgariawakacje.net\/vi\/wp-json\/wp\/v2\/media\/63"}],"wp:attachment":[{"href":"https:\/\/bulgariawakacje.net\/vi\/wp-json\/wp\/v2\/media?parent=52"}],"curies":[{"name":"wp","href":"https:\/\/api.w.org\/{rel}","templated":true}]}}