{"id":52,"date":"2022-01-18T06:48:01","date_gmt":"2022-01-18T06:48:01","guid":{"rendered":"https:\/\/bulgariawakacje.net\/et\/?page_id=52"},"modified":"2022-01-18T13:28:59","modified_gmt":"2022-01-18T13:28:59","slug":"about-grecjawczasy-com","status":"publish","type":"page","link":"https:\/\/bulgariawakacje.net\/et\/about-grecjawczasy-com\/","title":{"rendered":"Teave bulgariawakacje.net kohta"},"content":{"rendered":"<div style=\"text-align:center\"><img loading=\"lazy\" decoding=\"async\" width=\"196\" height=\"86\" src=\"https:\/\/i3.wp.com\/bulgariawakacje.net\/et\/wp-content\/uploads\/sites\/11\/2022\/01\/logo.jpg?resize=196,86&amp;ssl=1\" class=\"attachment-post-thumbnail size-post-thumbnail wp-post-image\" alt=\"About bulgariawakacje.net\/et\" title=\"About bulgariawakacje.net\/et\" \/><\/div>\n<div class=\"wp-block-image\"><figure class=\"aligncenter size-full\"><figcaption><em><a href=\"https:\/\/bulgariawakacje.net\/et\">bulgariawakacje.net\/et<\/a><\/em><\/figcaption><\/figure><\/div>\n\n\n\n<p>Teave bulgariawakacje.net kohta<\/p>\n\n\n\n<p>Oleme sisu loomisele spetsialiseerunud turundusettev\u00f5te.<\/p>\n\n\n\n<p>Kui soovite meiega \u00fchendust v\u00f5tta, kirjutage meile aadressil:<\/p>\n\n\n\n<p><a href=\"mailto:info@bulgariawakacje.net\" target=\"_blank\" rel=\"noreferrer noopener\">info@bulgariawakacje.net<\/a><\/p>\n<!-- AddThis Advanced Settings generic via filter on the_content --><!-- AddThis Share Buttons generic via filter on the_content -->","protected":false},"excerpt":{"rendered":"<p>Teave bulgariawakacje.net kohta Oleme sisu loomisele spetsialiseerunud turundusettev\u00f5te. Kui soovite meiega \u00fchendust v\u00f5tta, kirjutage meile aadressil: info@bulgariawakacje.net<!-- AddThis Advanced Settings generic via filter on get_the_excerpt --><!-- AddThis Share Buttons generic via filter on get_the_excerpt --><\/p>\n","protected":false},"author":1,"featured_media":63,"parent":0,"menu_order":0,"comment_status":"closed","ping_status":"closed","template":"","meta":{"_et_pb_use_builder":"off","_et_pb_old_content":"","_et_gb_content_width":"","footnotes":""},"class_list":["post-52","page","type-page","status-publish","has-post-thumbnail","hentry"],"yoast_head":"<!-- This site is optimized with the Yoast SEO plugin v27.3 - https:\/\/yoast.com\/product\/yoast-seo-wordpress\/ -->\n<title>Teave bulgariawakacje.net kohta<\/title>\n<meta name=\"robots\" content=\"index, follow, max-snippet:-1, max-image-preview:large, max-video-preview:-1\" \/>\n<link rel=\"canonical\" href=\"https:\/\/bulgariawakacje.net\/et\/about-grecjawczasy-com\/\" \/>\n<meta property=\"og:locale\" content=\"en_GB\" \/>\n<meta property=\"og:type\" content=\"article\" \/>\n<meta property=\"og:title\" content=\"Teave bulgariawakacje.net kohta\" \/>\n<meta property=\"og:description\" content=\"Teave bulgariawakacje.net kohta Oleme sisu loomisele spetsialiseerunud turundusettev\u00f5te. Kui soovite meiega \u00fchendust v\u00f5tta, kirjutage meile aadressil: info@bulgariawakacje.net\" \/>\n<meta property=\"og:url\" content=\"https:\/\/bulgariawakacje.net\/et\/about-grecjawczasy-com\/\" \/>\n<meta property=\"og:site_name\" content=\"ET Bulgaaria Puhkus\" \/>\n<meta property=\"article:modified_time\" content=\"2022-01-18T13:28:59+00:00\" \/>\n<meta property=\"og:image\" content=\"https:\/\/bulgariawakacje.net\/et\/wp-content\/uploads\/sites\/11\/2022\/01\/logo.jpg\" \/><meta property=\"og:image\" content=\"https:\/\/bulgariawakacje.net\/et\/wp-content\/uploads\/sites\/11\/2022\/01\/logo.jpg\" \/>\n\t<meta property=\"og:image:width\" content=\"196\" \/>\n\t<meta property=\"og:image:height\" content=\"86\" \/>\n\t<meta property=\"og:image:type\" content=\"image\/jpeg\" \/>\n<meta name=\"twitter:card\" content=\"summary_large_image\" \/>\n<meta name=\"twitter:image\" content=\"https:\/\/bulgariawakacje.net\/et\/wp-content\/uploads\/sites\/11\/2022\/01\/logo.jpg\" \/>\n<meta name=\"twitter:label1\" content=\"Estimated reading time\" \/>\n\t<meta name=\"twitter:data1\" content=\"1 minute\" \/>\n<script type=\"application\/ld+json\" class=\"yoast-schema-graph\">{\"@context\":\"https:\\\/\\\/schema.org\",\"@graph\":[{\"@type\":\"WebPage\",\"@id\":\"https:\\\/\\\/bulgariawakacje.net\\\/et\\\/about-grecjawczasy-com\\\/\",\"url\":\"https:\\\/\\\/bulgariawakacje.net\\\/et\\\/about-grecjawczasy-com\\\/\",\"name\":\"Teave bulgariawakacje.net kohta\",\"isPartOf\":{\"@id\":\"https:\\\/\\\/bulgariawakacje.net\\\/et\\\/#website\"},\"primaryImageOfPage\":{\"@id\":\"https:\\\/\\\/bulgariawakacje.net\\\/et\\\/about-grecjawczasy-com\\\/#primaryimage\"},\"image\":{\"@id\":\"https:\\\/\\\/bulgariawakacje.net\\\/et\\\/about-grecjawczasy-com\\\/#primaryimage\"},\"thumbnailUrl\":\"https:\\\/\\\/i0.wp.com\\\/bulgariawakacje.net\\\/et\\\/wp-content\\\/uploads\\\/sites\\\/11\\\/2022\\\/01\\\/logo.jpg?fit=196%2C86&ssl=1\",\"datePublished\":\"2022-01-18T06:48:01+00:00\",\"dateModified\":\"2022-01-18T13:28:59+00:00\",\"breadcrumb\":{\"@id\":\"https:\\\/\\\/bulgariawakacje.net\\\/et\\\/about-grecjawczasy-com\\\/#breadcrumb\"},\"inLanguage\":\"en-GB\",\"potentialAction\":[{\"@type\":\"ReadAction\",\"target\":[\"https:\\\/\\\/bulgariawakacje.net\\\/et\\\/about-grecjawczasy-com\\\/\"]}]},{\"@type\":\"ImageObject\",\"inLanguage\":\"en-GB\",\"@id\":\"https:\\\/\\\/bulgariawakacje.net\\\/et\\\/about-grecjawczasy-com\\\/#primaryimage\",\"url\":\"https:\\\/\\\/i0.wp.com\\\/bulgariawakacje.net\\\/et\\\/wp-content\\\/uploads\\\/sites\\\/11\\\/2022\\\/01\\\/logo.jpg?fit=196%2C86&ssl=1\",\"contentUrl\":\"https:\\\/\\\/i0.wp.com\\\/bulgariawakacje.net\\\/et\\\/wp-content\\\/uploads\\\/sites\\\/11\\\/2022\\\/01\\\/logo.jpg?fit=196%2C86&ssl=1\",\"width\":\"196\",\"height\":\"86\",\"caption\":\"About bulgariawakacje.net\\\/et\"},{\"@type\":\"BreadcrumbList\",\"@id\":\"https:\\\/\\\/bulgariawakacje.net\\\/et\\\/about-grecjawczasy-com\\\/#breadcrumb\",\"itemListElement\":[{\"@type\":\"ListItem\",\"position\":1,\"name\":\"Home\",\"item\":\"https:\\\/\\\/bulgariawakacje.net\\\/et\\\/\"},{\"@type\":\"ListItem\",\"position\":2,\"name\":\"Teave bulgariawakacje.net kohta\"}]},{\"@type\":\"WebSite\",\"@id\":\"https:\\\/\\\/bulgariawakacje.net\\\/et\\\/#website\",\"url\":\"https:\\\/\\\/bulgariawakacje.net\\\/et\\\/\",\"name\":\"ET Bulgaaria Puhkus\",\"description\":\"Puhkus Bulgaarias \u2013 artiklid, n\u00e4pun\u00e4ited, ilm ja vaatamisv\u00e4\u00e4rsused\",\"publisher\":{\"@id\":\"https:\\\/\\\/bulgariawakacje.net\\\/et\\\/#organization\"},\"potentialAction\":[{\"@type\":\"SearchAction\",\"target\":{\"@type\":\"EntryPoint\",\"urlTemplate\":\"https:\\\/\\\/bulgariawakacje.net\\\/et\\\/?s={search_term_string}\"},\"query-input\":{\"@type\":\"PropertyValueSpecification\",\"valueRequired\":true,\"valueName\":\"search_term_string\"}}],\"inLanguage\":\"en-GB\"},{\"@type\":\"Organization\",\"@id\":\"https:\\\/\\\/bulgariawakacje.net\\\/et\\\/#organization\",\"name\":\"ET Bulgaaria Puhkus\",\"url\":\"https:\\\/\\\/bulgariawakacje.net\\\/et\\\/\",\"logo\":{\"@type\":\"ImageObject\",\"inLanguage\":\"en-GB\",\"@id\":\"https:\\\/\\\/bulgariawakacje.net\\\/et\\\/#\\\/schema\\\/logo\\\/image\\\/\",\"url\":\"https:\\\/\\\/i0.wp.com\\\/bulgariawakacje.net\\\/et\\\/wp-content\\\/uploads\\\/sites\\\/11\\\/2022\\\/01\\\/logo.png?fit=196%2C86&ssl=1\",\"contentUrl\":\"https:\\\/\\\/i0.wp.com\\\/bulgariawakacje.net\\\/et\\\/wp-content\\\/uploads\\\/sites\\\/11\\\/2022\\\/01\\\/logo.png?fit=196%2C86&ssl=1\",\"width\":196,\"height\":86,\"caption\":\"ET Bulgaaria Puhkus\"},\"image\":{\"@id\":\"https:\\\/\\\/bulgariawakacje.net\\\/et\\\/#\\\/schema\\\/logo\\\/image\\\/\"}}]}<\/script>\n<!-- \/ Yoast SEO plugin. -->","yoast_head_json":{"title":"Teave bulgariawakacje.net kohta","robots":{"index":"index","follow":"follow","max-snippet":"max-snippet:-1","max-image-preview":"max-image-preview:large","max-video-preview":"max-video-preview:-1"},"canonical":"https:\/\/bulgariawakacje.net\/et\/about-grecjawczasy-com\/","og_locale":"en_GB","og_type":"article","og_title":"Teave bulgariawakacje.net kohta","og_description":"Teave bulgariawakacje.net kohta Oleme sisu loomisele spetsialiseerunud turundusettev\u00f5te. Kui soovite meiega \u00fchendust v\u00f5tta, kirjutage meile aadressil: info@bulgariawakacje.net","og_url":"https:\/\/bulgariawakacje.net\/et\/about-grecjawczasy-com\/","og_site_name":"ET Bulgaaria Puhkus","article_modified_time":"2022-01-18T13:28:59+00:00","og_image":[{"url":"https:\/\/bulgariawakacje.net\/et\/wp-content\/uploads\/sites\/11\/2022\/01\/logo.jpg","type":"","width":"","height":""},{"width":196,"height":86,"url":"https:\/\/bulgariawakacje.net\/et\/wp-content\/uploads\/sites\/11\/2022\/01\/logo.jpg","type":"image\/jpeg"}],"twitter_card":"summary_large_image","twitter_image":"https:\/\/bulgariawakacje.net\/et\/wp-content\/uploads\/sites\/11\/2022\/01\/logo.jpg","twitter_misc":{"Estimated reading time":"1 minute"},"schema":{"@context":"https:\/\/schema.org","@graph":[{"@type":"WebPage","@id":"https:\/\/bulgariawakacje.net\/et\/about-grecjawczasy-com\/","url":"https:\/\/bulgariawakacje.net\/et\/about-grecjawczasy-com\/","name":"Teave bulgariawakacje.net kohta","isPartOf":{"@id":"https:\/\/bulgariawakacje.net\/et\/#website"},"primaryImageOfPage":{"@id":"https:\/\/bulgariawakacje.net\/et\/about-grecjawczasy-com\/#primaryimage"},"image":{"@id":"https:\/\/bulgariawakacje.net\/et\/about-grecjawczasy-com\/#primaryimage"},"thumbnailUrl":"https:\/\/i0.wp.com\/bulgariawakacje.net\/et\/wp-content\/uploads\/sites\/11\/2022\/01\/logo.jpg?fit=196%2C86&ssl=1","datePublished":"2022-01-18T06:48:01+00:00","dateModified":"2022-01-18T13:28:59+00:00","breadcrumb":{"@id":"https:\/\/bulgariawakacje.net\/et\/about-grecjawczasy-com\/#breadcrumb"},"inLanguage":"en-GB","potentialAction":[{"@type":"ReadAction","target":["https:\/\/bulgariawakacje.net\/et\/about-grecjawczasy-com\/"]}]},{"@type":"ImageObject","inLanguage":"en-GB","@id":"https:\/\/bulgariawakacje.net\/et\/about-grecjawczasy-com\/#primaryimage","url":"https:\/\/i0.wp.com\/bulgariawakacje.net\/et\/wp-content\/uploads\/sites\/11\/2022\/01\/logo.jpg?fit=196%2C86&ssl=1","contentUrl":"https:\/\/i0.wp.com\/bulgariawakacje.net\/et\/wp-content\/uploads\/sites\/11\/2022\/01\/logo.jpg?fit=196%2C86&ssl=1","width":"196","height":"86","caption":"About bulgariawakacje.net\/et"},{"@type":"BreadcrumbList","@id":"https:\/\/bulgariawakacje.net\/et\/about-grecjawczasy-com\/#breadcrumb","itemListElement":[{"@type":"ListItem","position":1,"name":"Home","item":"https:\/\/bulgariawakacje.net\/et\/"},{"@type":"ListItem","position":2,"name":"Teave bulgariawakacje.net kohta"}]},{"@type":"WebSite","@id":"https:\/\/bulgariawakacje.net\/et\/#website","url":"https:\/\/bulgariawakacje.net\/et\/","name":"ET Bulgaaria Puhkus","description":"Puhkus Bulgaarias \u2013 artiklid, n\u00e4pun\u00e4ited, ilm ja vaatamisv\u00e4\u00e4rsused","publisher":{"@id":"https:\/\/bulgariawakacje.net\/et\/#organization"},"potentialAction":[{"@type":"SearchAction","target":{"@type":"EntryPoint","urlTemplate":"https:\/\/bulgariawakacje.net\/et\/?s={search_term_string}"},"query-input":{"@type":"PropertyValueSpecification","valueRequired":true,"valueName":"search_term_string"}}],"inLanguage":"en-GB"},{"@type":"Organization","@id":"https:\/\/bulgariawakacje.net\/et\/#organization","name":"ET Bulgaaria Puhkus","url":"https:\/\/bulgariawakacje.net\/et\/","logo":{"@type":"ImageObject","inLanguage":"en-GB","@id":"https:\/\/bulgariawakacje.net\/et\/#\/schema\/logo\/image\/","url":"https:\/\/i0.wp.com\/bulgariawakacje.net\/et\/wp-content\/uploads\/sites\/11\/2022\/01\/logo.png?fit=196%2C86&ssl=1","contentUrl":"https:\/\/i0.wp.com\/bulgariawakacje.net\/et\/wp-content\/uploads\/sites\/11\/2022\/01\/logo.png?fit=196%2C86&ssl=1","width":196,"height":86,"caption":"ET Bulgaaria Puhkus"},"image":{"@id":"https:\/\/bulgariawakacje.net\/et\/#\/schema\/logo\/image\/"}}]}},"jetpack-related-posts":[],"_links":{"self":[{"href":"https:\/\/bulgariawakacje.net\/et\/wp-json\/wp\/v2\/pages\/52","targetHints":{"allow":["GET"]}}],"collection":[{"href":"https:\/\/bulgariawakacje.net\/et\/wp-json\/wp\/v2\/pages"}],"about":[{"href":"https:\/\/bulgariawakacje.net\/et\/wp-json\/wp\/v2\/types\/page"}],"author":[{"embeddable":true,"href":"https:\/\/bulgariawakacje.net\/et\/wp-json\/wp\/v2\/users\/1"}],"replies":[{"embeddable":true,"href":"https:\/\/bulgariawakacje.net\/et\/wp-json\/wp\/v2\/comments?post=52"}],"version-history":[{"count":5,"href":"https:\/\/bulgariawakacje.net\/et\/wp-json\/wp\/v2\/pages\/52\/revisions"}],"predecessor-version":[{"id":66,"href":"https:\/\/bulgariawakacje.net\/et\/wp-json\/wp\/v2\/pages\/52\/revisions\/66"}],"wp:featuredmedia":[{"embeddable":true,"href":"https:\/\/bulgariawakacje.net\/et\/wp-json\/wp\/v2\/media\/63"}],"wp:attachment":[{"href":"https:\/\/bulgariawakacje.net\/et\/wp-json\/wp\/v2\/media?parent=52"}],"curies":[{"name":"wp","href":"https:\/\/api.w.org\/{rel}","templated":true}]}}